{"id":22,"date":"2015-11-18T10:09:32","date_gmt":"2015-11-18T09:09:32","guid":{"rendered":"https:\/\/clemensfuhrbach.com\/impressum\/"},"modified":"2026-04-09T21:00:14","modified_gmt":"2026-04-09T19:00:14","slug":"impressum","status":"publish","type":"page","link":"https:\/\/www.clemensfuhrbach.com\/de\/impressum\/","title":{"rendered":"Impressum"},"content":{"rendered":"\n<style type=\"text\/css\" data-created_by=\"avia_inline_auto\" id=\"style-css-av-1qbue-b4cea63d1ffa2b96c8fdc79e6bff8d2a\">\n.flex_column.av-1qbue-b4cea63d1ffa2b96c8fdc79e6bff8d2a{\nborder-radius:0px 0px 0px 0px;\npadding:0px 0px 0px 0px;\n}\n<\/style>\n<div  class='flex_column av-1qbue-b4cea63d1ffa2b96c8fdc79e6bff8d2a av_one_full  avia-builder-el-0  avia-builder-el-no-sibling  first flex_column_div av-zero-column-padding  '     ><section  class='av_textblock_section av-u5l6-9b9ae92150d99952c3713884e4fc7b4c '   itemscope=\"itemscope\" itemtype=\"https:\/\/schema.org\/CreativeWork\" ><div class='avia_textblock'  itemprop=\"text\" ><div>\n<h1>Impressum<\/h1>\n<h3>Websites<\/h3>\n<p>Das nachfolgende Impressum gilt f\u00fcr folgende Websites:<\/p>\n<ul>\n<li>clemensfuhrbach.com<\/li>\n<li>clefu.com<\/li>\n<li>vorstadtkompanie.de<\/li>\n<li>deinevorstadt.de<\/li>\n<li>clioheiser.de<\/li>\n<li>clementines.world<\/li>\n<li>fuhrbach.art<\/li>\n<li>vorstadt.art<\/li>\n<\/ul>\n<p>Alle Websites werden gehostet durch die STRATO AG.<\/p>\n<h3>Soziale Netzwerke und externe Websites<\/h3>\n<ul>\n<li>youtube.com\/clemensfuhrbach<\/li>\n<li>facebook.com\/clemensfuhrbach<\/li>\n<li>instagram.com\/clemensfuhrbach<\/li>\n<li>instagram.com\/clioheiser<\/li>\n<li>orcid.org\/0000-0001-9396-114X<\/li>\n<\/ul>\n<\/div>\n<p>Sollte irgendwo noch eine Datenleiche auftauchen, senden Sie dem Betreiber bitte eine kurze Information per Mail.<\/p>\n<div>\n<p>Angaben gem\u00e4\u00df \u00a7 5 TMG:<\/p>\n<div>\n<p>Verantwortlich f\u00fcr den Inhalt nach \u00a7 18 Abs. 2 MStV:<br \/>\nDr. Clemens Fuhrbach<br \/>\nRemscheider Stra\u00dfe 87<br \/>\n51103 K\u00f6ln<br \/>\nDeutschland<\/p>\n<p>Mobil: +49 178 \/ 238 66 28<br \/>\nE-Mail: mail@clemensfuhrbach.com<\/p>\n<p>Umsatzsteuer-Identifikationsnummer gem\u00e4\u00df \u00a727 a Umsatzsteuergesetz: DE 26 350 38 57<br \/>\nSteuernummer: 204 5098 1117<\/p>\n<p>Haftung f\u00fcr Inhalte<\/p>\n<p>Ich erstelle die hier angebotenen Inhalte stets mit gr\u00f6\u00dfter Sorgfalt. Dennoch kann ich Richtigkeit, Vollst\u00e4ndigkeit und Aktualit\u00e4t nicht gew\u00e4hrleisten. Als Diensteanbieter bin ich gem\u00e4\u00df \u00a7 7 Abs.1 TMG f\u00fcr eigene Inhalte auf diesen Seiten nach den allgemeinen Gesetzen verantwortlich. Nach \u00a7\u00a7 8 bis 10 TMG bin ich als Diensteanbieter jedoch nicht verpflichtet, \u00fcbermittelte oder gespeicherte fremde Informationen zu \u00fcberwachen oder nach Umst\u00e4nden zu forschen, die auf eine rechtswidrige T\u00e4tigkeit hinweisen. Verpflichtungen zur Entfernung oder Sperrung der Nutzung von Informationen nach den allgemeinen Gesetzen bleiben hiervon unber\u00fchrt. Eine diesbez\u00fcgliche Haftung ist jedoch erst ab dem Zeitpunkt der Kenntnis einer konkreten Rechtsverletzung m\u00f6glich. Bei Bekanntwerden von entsprechenden Rechtsverletzungen werde ich diese Inhalte umgehend entfernen.<\/p>\n<p>Haftung f\u00fcr Links<\/p>\n<p>Mein Angebot enth\u00e4lt Links zu externen Webseiten Dritter, auf deren Inhalte ich keinen Einfluss habe. Deshalb kann ich f\u00fcr diese fremden Inhalte auch keine Gew\u00e4hr \u00fcbernehmen. F\u00fcr die Inhalte der verlinkten Seiten ist stets der jeweilige Anbieter oder Betreiber der Seiten verantwortlich. Die verlinkten Seiten wurden zum Zeitpunkt der Verlinkung auf m\u00f6gliche Rechtsverst\u00f6\u00dfe \u00fcberpr\u00fcft. Rechtswidrige Inhalte waren zum Zeitpunkt der Verlinkung nicht erkennbar. Eine permanente inhaltliche Kontrolle der verlinkten Seiten ist jedoch ohne konkrete Anhaltspunkte einer Rechtsverletzung nicht zumutbar. Bei Bekanntwerden von Rechtsverletzungen werde ich derartige Links umgehend entfernen.<\/p>\n<p>Datenschutz<\/p>\n<p>Die Nutzung meiner Webseite ist ohne die Angabe personenbezogener Daten m\u00f6glich. Soweit auf meiner Seite personenbezogene Daten (beispielsweise Name, Anschrift oder E-Mail-Adressen) erhoben werden, erfolgt dies auf freiwilliger Basis. Diese Daten werden ohne deine ausdr\u00fcckliche Zustimmung nicht an Dritte weitergegeben. Ausdr\u00fccklich davon ausgenommen ist die Weitergabe von Daten, die zur Erf\u00fcllung von Vertragsvereinbarungen bzw. zur Vertragsabwicklung notwendig sind. Ich weise darauf hin, dass die Daten\u00fcbertragung im Internet (z.B. bei der Kommunikation per E-Mail) Sicherheitsl\u00fccken aufweisen kann. Ein l\u00fcckenloser Schutz der Daten vor dem Zugriff durch Dritte ist nicht m\u00f6glich.<\/p>\n<p>Der Nutzung von im Rahmen der Impressumspflicht ver\u00f6ffentlichten Kontaktdaten durch Dritte zur \u00dcbersendung von nicht ausdr\u00fccklich angeforderter Werbung und Informationsmaterialien wird hiermit ausdr\u00fccklich widersprochen. Der Betreiber der Seiten beh\u00e4lt sich rechtliche Schritte im Falle der unverlangten Zusendung von Werbeinformationen, etwa durch Spam-Mails, vor.<\/p>\n<p>Mehr unter: <a href=\"https:\/\/www.clemensfuhrbach.com\/de\/datenschutz-und-nutzung\/\">Datenschutz und Nutzung<\/a><\/p>\n<p>Urheberrecht<\/p>\n<p>Die hier angebotenen Inhalte unterliegen dem deutschen Urheberrecht. Eine Vervielf\u00e4ltigung, Bearbeitung, Verbreitung und jede Art der Verwertung au\u00dferhalb der Grenzen des Urheberrechtes bed\u00fcrfen der schriftlichen Zustimmung. Downloads und Kopien dieser Seite sind nur f\u00fcr den privaten, nicht aber f\u00fcr den kommerziellen Gebrauch gestattet. Soweit die Inhalte auf dieser Seite nicht von mir bzw. dem Betreiber erstellt wurden, werden die Urheberrechte Dritter beachtet. Insbesondere werden Inhalte Dritter als solche gekennzeichnet. Solltest du trotzdem auf eine Urheberrechtsverletzung aufmerksam werden, <a href=\"mailto:mail@clemensfuhrbach.com\">bitte ich um einen entsprechenden Hinweis<\/a>. Bei Bekanntwerden von Rechtsverletzungen werde ich derartige Inhalte umgehend entfernen.<\/p>\n<p>Bildnachweise und Quellenangaben<\/p>\n<p>Kennzeichnungspflichtige Inhalte von anderen Autoren oder Urhebern werden gekennzeichnet. Wenn du eine falsche oder eine fehlende Angabe findest,\u00a0<a href=\"mailto:mail@clemensfuhrbach.com\">informiere mich bitte dar\u00fcber<\/a>, damit ich dies umgehend korrigieren kann.<\/p>\n<p>Das Impressum wurde auf Grundlage nach einer Vorlage von <a href=\"http:\/\/www.e-recht24.de\" target=\"_blank\" rel=\"noopener\">http:\/\/www.e-recht24.de<\/a> erstellt.<\/p>\n<\/div>\n<div><\/div>\n<\/div>\n<div><\/div>\n<\/div><\/section><\/div>\n","protected":false},"excerpt":{"rendered":"","protected":false},"author":1,"featured_media":0,"parent":0,"menu_order":99,"comment_status":"closed","ping_status":"closed","template":"","meta":{"footnotes":""},"class_list":["post-22","page","type-page","status-publish","hentry"],"yoast_head":"<!-- This site is optimized with the Yoast SEO plugin v27.5 - https:\/\/yoast.com\/product\/yoast-seo-wordpress\/ -->\n<title>Impressum - Clemens Fuhrbach | clemensfuhrbach.com #clefu<\/title>\n<meta name=\"description\" content=\"Hier findest du Hinweise zum Datenschutz und zur Nutzung. Schau dir auch meine verschiedenen Projekte an. Klick dich durch!\" \/>\n<meta name=\"robots\" content=\"index, follow, max-snippet:-1, max-image-preview:large, max-video-preview:-1\" \/>\n<link rel=\"canonical\" href=\"https:\/\/www.clemensfuhrbach.com\/de\/impressum\/\" \/>\n<meta property=\"og:locale\" content=\"de_DE\" \/>\n<meta property=\"og:type\" content=\"article\" \/>\n<meta property=\"og:title\" content=\"Impressum - Clemens Fuhrbach | clemensfuhrbach.com #clefu\" \/>\n<meta property=\"og:description\" content=\"Hier findest du Hinweise zum Datenschutz und zur Nutzung. Schau dir auch meine verschiedenen Projekte an. Klick dich durch!\" \/>\n<meta property=\"og:url\" content=\"https:\/\/www.clemensfuhrbach.com\/de\/impressum\/\" \/>\n<meta property=\"og:site_name\" content=\"Clemens Fuhrbach\" \/>\n<meta property=\"article:modified_time\" content=\"2026-04-09T19:00:14+00:00\" \/>\n<meta name=\"twitter:card\" content=\"summary_large_image\" \/>\n<meta name=\"twitter:label1\" content=\"Gesch\u00e4tzte Lesezeit\" \/>\n\t<meta name=\"twitter:data1\" content=\"4\u00a0Minuten\" \/>\n<script type=\"application\/ld+json\" class=\"yoast-schema-graph\">{\"@context\":\"https:\\\/\\\/schema.org\",\"@graph\":[{\"@type\":\"WebPage\",\"@id\":\"https:\\\/\\\/www.clemensfuhrbach.com\\\/de\\\/impressum\\\/\",\"url\":\"https:\\\/\\\/www.clemensfuhrbach.com\\\/de\\\/impressum\\\/\",\"name\":\"Impressum - Clemens Fuhrbach | clemensfuhrbach.com #clefu\",\"isPartOf\":{\"@id\":\"https:\\\/\\\/www.clemensfuhrbach.com\\\/de\\\/#website\"},\"datePublished\":\"2015-11-18T09:09:32+00:00\",\"dateModified\":\"2026-04-09T19:00:14+00:00\",\"description\":\"Hier findest du Hinweise zum Datenschutz und zur Nutzung. Schau dir auch meine verschiedenen Projekte an. Klick dich durch!\",\"breadcrumb\":{\"@id\":\"https:\\\/\\\/www.clemensfuhrbach.com\\\/de\\\/impressum\\\/#breadcrumb\"},\"inLanguage\":\"de\",\"potentialAction\":[{\"@type\":\"ReadAction\",\"target\":[\"https:\\\/\\\/www.clemensfuhrbach.com\\\/de\\\/impressum\\\/\"]}]},{\"@type\":\"BreadcrumbList\",\"@id\":\"https:\\\/\\\/www.clemensfuhrbach.com\\\/de\\\/impressum\\\/#breadcrumb\",\"itemListElement\":[{\"@type\":\"ListItem\",\"position\":1,\"name\":\"Home\",\"item\":\"https:\\\/\\\/www.clemensfuhrbach.com\\\/de\\\/\"},{\"@type\":\"ListItem\",\"position\":2,\"name\":\"Impressum\"}]},{\"@type\":\"WebSite\",\"@id\":\"https:\\\/\\\/www.clemensfuhrbach.com\\\/de\\\/#website\",\"url\":\"https:\\\/\\\/www.clemensfuhrbach.com\\\/de\\\/\",\"name\":\"Clemens Fuhrbach - Lehrer, Autor und Musiker aus K\u00f6ln\",\"description\":\"Forschung, Lehre und \u00e4sthetische Praxis\",\"potentialAction\":[{\"@type\":\"SearchAction\",\"target\":{\"@type\":\"EntryPoint\",\"urlTemplate\":\"https:\\\/\\\/www.clemensfuhrbach.com\\\/de\\\/?s={search_term_string}\"},\"query-input\":{\"@type\":\"PropertyValueSpecification\",\"valueRequired\":true,\"valueName\":\"search_term_string\"}}],\"inLanguage\":\"de\"}]}<\/script>\n<!-- \/ Yoast SEO plugin. -->","yoast_head_json":{"title":"Impressum - Clemens Fuhrbach | clemensfuhrbach.com #clefu","description":"Hier findest du Hinweise zum Datenschutz und zur Nutzung. Schau dir auch meine verschiedenen Projekte an. Klick dich durch!","robots":{"index":"index","follow":"follow","max-snippet":"max-snippet:-1","max-image-preview":"max-image-preview:large","max-video-preview":"max-video-preview:-1"},"canonical":"https:\/\/www.clemensfuhrbach.com\/de\/impressum\/","og_locale":"de_DE","og_type":"article","og_title":"Impressum - Clemens Fuhrbach | clemensfuhrbach.com #clefu","og_description":"Hier findest du Hinweise zum Datenschutz und zur Nutzung. Schau dir auch meine verschiedenen Projekte an. Klick dich durch!","og_url":"https:\/\/www.clemensfuhrbach.com\/de\/impressum\/","og_site_name":"Clemens Fuhrbach","article_modified_time":"2026-04-09T19:00:14+00:00","twitter_card":"summary_large_image","twitter_misc":{"Gesch\u00e4tzte Lesezeit":"4\u00a0Minuten"},"schema":{"@context":"https:\/\/schema.org","@graph":[{"@type":"WebPage","@id":"https:\/\/www.clemensfuhrbach.com\/de\/impressum\/","url":"https:\/\/www.clemensfuhrbach.com\/de\/impressum\/","name":"Impressum - Clemens Fuhrbach | clemensfuhrbach.com #clefu","isPartOf":{"@id":"https:\/\/www.clemensfuhrbach.com\/de\/#website"},"datePublished":"2015-11-18T09:09:32+00:00","dateModified":"2026-04-09T19:00:14+00:00","description":"Hier findest du Hinweise zum Datenschutz und zur Nutzung. Schau dir auch meine verschiedenen Projekte an. Klick dich durch!","breadcrumb":{"@id":"https:\/\/www.clemensfuhrbach.com\/de\/impressum\/#breadcrumb"},"inLanguage":"de","potentialAction":[{"@type":"ReadAction","target":["https:\/\/www.clemensfuhrbach.com\/de\/impressum\/"]}]},{"@type":"BreadcrumbList","@id":"https:\/\/www.clemensfuhrbach.com\/de\/impressum\/#breadcrumb","itemListElement":[{"@type":"ListItem","position":1,"name":"Home","item":"https:\/\/www.clemensfuhrbach.com\/de\/"},{"@type":"ListItem","position":2,"name":"Impressum"}]},{"@type":"WebSite","@id":"https:\/\/www.clemensfuhrbach.com\/de\/#website","url":"https:\/\/www.clemensfuhrbach.com\/de\/","name":"Clemens Fuhrbach - Lehrer, Autor und Musiker aus K\u00f6ln","description":"Forschung, Lehre und \u00e4sthetische Praxis","potentialAction":[{"@type":"SearchAction","target":{"@type":"EntryPoint","urlTemplate":"https:\/\/www.clemensfuhrbach.com\/de\/?s={search_term_string}"},"query-input":{"@type":"PropertyValueSpecification","valueRequired":true,"valueName":"search_term_string"}}],"inLanguage":"de"}]}},"_links":{"self":[{"href":"https:\/\/www.clemensfuhrbach.com\/de\/wp-json\/wp\/v2\/pages\/22","targetHints":{"allow":["GET"]}}],"collection":[{"href":"https:\/\/www.clemensfuhrbach.com\/de\/wp-json\/wp\/v2\/pages"}],"about":[{"href":"https:\/\/www.clemensfuhrbach.com\/de\/wp-json\/wp\/v2\/types\/page"}],"author":[{"embeddable":true,"href":"https:\/\/www.clemensfuhrbach.com\/de\/wp-json\/wp\/v2\/users\/1"}],"replies":[{"embeddable":true,"href":"https:\/\/www.clemensfuhrbach.com\/de\/wp-json\/wp\/v2\/comments?post=22"}],"version-history":[{"count":35,"href":"https:\/\/www.clemensfuhrbach.com\/de\/wp-json\/wp\/v2\/pages\/22\/revisions"}],"predecessor-version":[{"id":17160,"href":"https:\/\/www.clemensfuhrbach.com\/de\/wp-json\/wp\/v2\/pages\/22\/revisions\/17160"}],"wp:attachment":[{"href":"https:\/\/www.clemensfuhrbach.com\/de\/wp-json\/wp\/v2\/media?parent=22"}],"curies":[{"name":"wp","href":"https:\/\/api.w.org\/{rel}","templated":true}]}}